{"id":17,"date":"2023-05-19T11:30:11","date_gmt":"2023-05-19T11:30:11","guid":{"rendered":"https:\/\/vitaminasyminerales.blog\/?page_id=17"},"modified":"2023-05-19T11:30:12","modified_gmt":"2023-05-19T11:30:12","slug":"politica-de-privacidad","status":"publish","type":"page","link":"https:\/\/vitaminasyminerales.blog\/?page_id=17","title":{"rendered":"Pol\u00edtica de privacidad"},"content":{"rendered":"\n<h2 class=\"wp-block-heading\">INFORMACI\u00d3N GENERAL:<\/h2>\n\n\n\n<p>Conforme al art\u00edculo 10 de la Ley de Servicios de la Sociedad de la Informaci\u00f3n y del Comercio Electr\u00f3nico (LSSICE) se informa que la web site https:\/\/drasanvi.com pertenece a:&nbsp;<\/p>\n\n\n\n<ul class=\"wp-block-list\">\n<li><strong>Raz\u00f3n social<\/strong>: DRASANVI S.L<\/li>\n\n\n\n<li><strong>Domicilio social:<\/strong>&nbsp;Pol\u00edgono Industrial, Calle 1 Parcela 99 de Villadangos del P\u00e1ramo (LE\u00d3N)<\/li>\n\n\n\n<li><strong>Tel\u00e9fono:<\/strong>&nbsp;987 203 106<\/li>\n\n\n\n<li><strong>E-mail:<\/strong>&nbsp;info@drasanvi.com<\/li>\n\n\n\n<li><strong>C.I.F:<\/strong>&nbsp;B-24279093<\/li>\n\n\n\n<li><strong>N\u00ba de registro<\/strong>: Tomo 630 Folio 112 Hoja n\u00ba LE-4714 Inscripci\u00f3n 1\u00aa B24279093<\/li>\n<\/ul>\n\n\n\n<p>Todo el contenido disponible en este sitio web es propiedad de su titular y est\u00e1 protegido por las leyes de propiedad intelectual.<strong>&nbsp;<\/strong><strong>\u00bfQui\u00e9n es el Responsable del tratamiento de los datos personales recabados a trav\u00e9s de esta web?<\/strong>En cumplimiento de lo establecido por el Reglamento (UE) 2016\/679, del Parlamento Europeo y del Consejo, de 27 de abril de 2016, relativo a la protecci\u00f3n de los datos de las personas f\u00edsicas en lo que respecta al tratamiento de datos personales y a la libre circulaci\u00f3n de estos datos, se informa a los usuarios de este sitio web que el Responsable del tratamiento de sus datos es:&nbsp;<\/p>\n\n\n\n<ul class=\"wp-block-list\">\n<li><strong>DRASANVI SL<\/strong><\/li>\n\n\n\n<li><strong>Delegado de Protecci\u00f3n de datos:<\/strong>&nbsp;Mar\u00eda Mallada de la Calle<\/li>\n\n\n\n<li><strong>CIF:<\/strong>&nbsp;B24279093<\/li>\n\n\n\n<li><strong>Domicilio:<\/strong>&nbsp;Calle 1, Parcela 99, Villadangos del P\u00e1ramo (LEON)<\/li>\n\n\n\n<li><strong>Tel\u00e9fono:&nbsp;<\/strong>987 20 31 06<\/li>\n\n\n\n<li><strong>E-mail:<\/strong>&nbsp;lopd@drasanvi.com<\/li>\n<\/ul>\n\n\n\n<p>De acuerdo con lo establecido en la normativa europea de Protecci\u00f3n de datos personales, DRASANVI SL garantiza la protecci\u00f3n y confidencialidad de los datos personales proporcionados por los usuarios a trav\u00e9s de esta web, seg\u00fan lo establecido en la presente pol\u00edtica de protecci\u00f3n de datos, que debe haber aceptado en el formulario de contacto.&nbsp;<strong>\u00bfQu\u00e9 datos personales trataremos y cu\u00e1l es la obligatoriedad a suministrarlos?<\/strong>Siguiendo el principio de privacidad por defecto, \u00fanicamente solicitaremos los datos necesarios para llevar a cabo la finalidad para la cual se han recabado, de manera que s\u00f3lo solicitaremos datos proporcionales y no excesivos a trav\u00e9s del formulario de contacto.&nbsp;La negativa por parte del usuario a proporcionar sus datos en dicho formulario o el suministro de datos incorrectos, impedir\u00e1 que podamos atender su solicitud, sin perjuicio de que pueda visualizar libremente el contenido del sitio web.&nbsp;<strong>\u00bfCon qu\u00e9 finalidad y legitimaci\u00f3n tratamos sus datos personales?<\/strong>DRASANVI SL informa al usuario, que sus datos ser\u00e1n tratados con las siguientes finalidades:&nbsp;<\/p>\n\n\n\n<ol class=\"wp-block-list\">\n<li>Gesti\u00f3n de consultas formuladas a trav\u00e9s de la web. Realizaremos los tratamientos de datos necesarios para la atenci\u00f3n de su solicitud de informaci\u00f3n, de manera que trataremos datos como su nombre, apellidos, DNI, e-mail, tel\u00e9fono, provincia, c\u00f3digo postal.<\/li>\n\n\n\n<li>Gesti\u00f3n de la navegaci\u00f3n del usuario a trav\u00e9s de la web (tratamiento de datos de cookies) sus datos se tratar\u00e1n conforme a la pol\u00edtica de cookies disponible en esta p\u00e1gina.<\/li>\n\n\n\n<li>Control inform\u00e1tico de la p\u00e1gina web. Realizaremos actuaciones de control del uso de la p\u00e1gina web para prevenir y detectar cualquier utilizaci\u00f3n indebida.<\/li>\n\n\n\n<li>Gesti\u00f3n de la suscripci\u00f3n a nuestra newsletter. Siempre que contemos con su expresa autorizaci\u00f3n, llevaremos a cabo las operaciones de tratamiento de sus datos para tramitar su suscripci\u00f3n a nuestros boletines informativos y newsletter.<\/li>\n\n\n\n<li>Gesti\u00f3n de curriculums y selecci\u00f3n de personal. En caso de que nos facilite su curriculum vitae, ante una posible vacante valoraremos su candidatura en funci\u00f3n del puesto de trabajo.<\/li>\n\n\n\n<li>Participaci\u00f3n en sorteo \u201crasca y gana\u201d y similares. Siempre que contemos con su expresa autorizaci\u00f3n, llevaremos a cabo las operaciones de tratamiento de sus datos para posibilitar su participaci\u00f3n en el sorteo \u201crasca y gana\u201d o cualquier otro de caracter\u00edsticas similares, que implican la introducci\u00f3n de sus datos personales junto con el c\u00f3digo de participaci\u00f3n. Para ello, deber\u00e1 marcar la casilla de verificaci\u00f3n y aceptaci\u00f3n correspondiente.<\/li>\n<\/ol>\n\n\n\n<p>La BASE JUR\u00cdDICA que legitima el tratamiento es el consentimiento expreso otorgado por el usuario al aceptar la presente pol\u00edtica de protecci\u00f3n de datos, mediante la marcaci\u00f3n de la casilla correspondiente habilitada en el formulario de contacto.&nbsp;<strong>\u00bfLe enviaremos comunicaciones comerciales?<\/strong>Solamente si contamos con su consentimiento expreso, podremos remitirle comunicaciones relativas a nuestros productos\/servicios, a trav\u00e9s de correo postal y por medios electr\u00f3nicos (e-mail, SMS) en base al consentimiento solicitado por nuestra empresa y otorgado por el usuario previamente. De no contar con su consentimiento expreso, en ning\u00fan caso le remitiremos dichas comunicaciones.&nbsp;<strong>\u00bfPor cu\u00e1nto tiempo conservaremos sus datos?<\/strong>Sus datos personales se tratar\u00e1n durante el tiempo necesario para la atenci\u00f3n de su consulta o petici\u00f3n. Si finalmente usted llega a contratar nuestros productos\/servicios, le informaremos en ese momento del tiempo de conservaci\u00f3n de sus datos personales.<strong>&nbsp;<\/strong><strong>\u00bfA qui\u00e9nes comunicaremos sus datos?<\/strong>\u00danicamente comunicaremos sus datos personales a Organismos P\u00fablicos para el cumplimiento de obligaciones legales y en su caso a nuestros proveedores de hosting y de servicios tecnol\u00f3gicos.<strong>&nbsp;<\/strong><strong>\u00bfC\u00f3mo hemos obtenido tus datos?<\/strong>Los datos personales se han obtenido a trav\u00e9s del formulario de contacto habilitado en esta sitio web.&nbsp;<strong>\u00bfC\u00f3mo puede el usuario revocar su consentimiento?<\/strong>El usuario puede desde este momento y en cualquier otro posterior retirar el consentimiento otorgado para el tratamiento de sus datos, mediante comunicaci\u00f3n dirigida a Mar\u00eda Mallada en la direcci\u00f3n de correo electr\u00f3nico:&nbsp; lopd@drasanvi.com, el cual no tendr\u00e1 en ning\u00fan caso efectos retroactivos.&nbsp;<strong>\u00bfCu\u00e1les son sus derechos en protecci\u00f3n de datos?<\/strong>Usted puede ejercitar, si lo desea, los derechos de acceso, rectificaci\u00f3n y supresi\u00f3n de datos, limitaci\u00f3n del tratamiento, portabilidad y oposici\u00f3n a trav\u00e9s de comunicaci\u00f3n dirigida a nuestro domicilio o mediante correo electr\u00f3nico enviado a Mar\u00eda Mallada a la direcci\u00f3n: lopd@drasanvi.com&nbsp;De igual modo, tiene derecho a presentar reclamaci\u00f3n ante la Agencia Espa\u00f1ola de Protecci\u00f3n de Datos si considera que se han vulnerado sus derechos en materia de protecci\u00f3n de datos personales.&nbsp;<strong>Ley Aplicable y Jurisdicci\u00f3n:<\/strong>Las presentes condiciones generales se rigen por la legislaci\u00f3n espa\u00f1ola. Estas Condiciones Generales se rigen por la ley espa\u00f1ola. Las partes se someten, a su elecci\u00f3n, para la resoluci\u00f3n de los conflictos y con renuncia a cualquier otro fuero, a los juzgados y tribunales del domicilio del usuario. Asimismo, como entidad adherida a CONFIANZA ONLINE y en los t\u00e9rminos de su C\u00f3digo \u00c9tico, en caso de controversias relativas a la contrataci\u00f3n y publicidad online, protecci\u00f3n de datos y protecci\u00f3n de menores, el usuario podr\u00e1 acudir al sistema de resoluci\u00f3n extrajudicial de controversias de CONFIANZA ONLINE (www.confianzaonline.es).<\/p>\n","protected":false},"excerpt":{"rendered":"<p>INFORMACI\u00d3N GENERAL: Conforme al art\u00edculo 10 de la Ley de Servicios de la Sociedad de la Informaci\u00f3n y del Comercio Electr\u00f3nico (LSSICE) se informa que la web site https:\/\/drasanvi.com pertenece a:&nbsp; Todo el contenido disponible en este sitio web es propiedad de su titular y est\u00e1 protegido por las leyes de propiedad intelectual.&nbsp;\u00bfQui\u00e9n es el &hellip;<\/p>\n<p class=\"read-more\"> <a class=\"\" href=\"https:\/\/vitaminasyminerales.blog\/?page_id=17\"> <span class=\"screen-reader-text\">Pol\u00edtica de privacidad<\/span> Leer m\u00e1s \u00bb<\/a><\/p>\n","protected":false},"author":1,"featured_media":0,"parent":0,"menu_order":0,"comment_status":"closed","ping_status":"closed","template":"","meta":{"site-sidebar-layout":"default","site-content-layout":"default","ast-global-header-display":"","ast-banner-title-visibility":"","ast-main-header-display":"","ast-hfb-above-header-display":"","ast-hfb-below-header-display":"","ast-hfb-mobile-header-display":"","site-post-title":"","ast-breadcrumbs-content":"","ast-featured-img":"","footer-sml-layout":"","theme-transparent-header-meta":"","adv-header-id-meta":"","stick-header-meta":"","header-above-stick-meta":"","header-main-stick-meta":"","header-below-stick-meta":"","footnotes":""},"class_list":["post-17","page","type-page","status-publish","hentry"],"yoast_head":"<!-- This site is optimized with the Yoast SEO plugin v20.7 - https:\/\/yoast.com\/wordpress\/plugins\/seo\/ -->\n<title>Pol\u00edtica de privacidad - Vitaminas y minerales<\/title>\n<meta name=\"robots\" content=\"index, follow, max-snippet:-1, max-image-preview:large, max-video-preview:-1\" \/>\n<link rel=\"canonical\" href=\"https:\/\/vitaminasyminerales.blog\/?page_id=17\" \/>\n<meta property=\"og:locale\" content=\"es_ES\" \/>\n<meta property=\"og:type\" content=\"article\" \/>\n<meta property=\"og:title\" content=\"Pol\u00edtica de privacidad - Vitaminas y minerales\" \/>\n<meta property=\"og:description\" content=\"INFORMACI\u00d3N GENERAL: Conforme al art\u00edculo 10 de la Ley de Servicios de la Sociedad de la Informaci\u00f3n y del Comercio Electr\u00f3nico (LSSICE) se informa que la web site https:\/\/drasanvi.com pertenece a:&nbsp; Todo el contenido disponible en este sitio web es propiedad de su titular y est\u00e1 protegido por las leyes de propiedad intelectual.&nbsp;\u00bfQui\u00e9n es el &hellip; Pol\u00edtica de privacidad Leer m\u00e1s \u00bb\" \/>\n<meta property=\"og:url\" content=\"https:\/\/vitaminasyminerales.blog\/?page_id=17\" \/>\n<meta property=\"og:site_name\" content=\"Vitaminas y minerales\" \/>\n<meta property=\"article:modified_time\" content=\"2023-05-19T11:30:12+00:00\" \/>\n<meta name=\"twitter:card\" content=\"summary_large_image\" \/>\n<meta name=\"twitter:label1\" content=\"Tiempo de lectura\" \/>\n\t<meta name=\"twitter:data1\" content=\"6 minutos\" \/>\n<script type=\"application\/ld+json\" class=\"yoast-schema-graph\">{\"@context\":\"https:\/\/schema.org\",\"@graph\":[{\"@type\":\"WebPage\",\"@id\":\"https:\/\/vitaminasyminerales.blog\/?page_id=17\",\"url\":\"https:\/\/vitaminasyminerales.blog\/?page_id=17\",\"name\":\"Pol\u00edtica de privacidad - Vitaminas y minerales\",\"isPartOf\":{\"@id\":\"https:\/\/vitaminasyminerales.blog\/#website\"},\"datePublished\":\"2023-05-19T11:30:11+00:00\",\"dateModified\":\"2023-05-19T11:30:12+00:00\",\"breadcrumb\":{\"@id\":\"https:\/\/vitaminasyminerales.blog\/?page_id=17#breadcrumb\"},\"inLanguage\":\"es\",\"potentialAction\":[{\"@type\":\"ReadAction\",\"target\":[\"https:\/\/vitaminasyminerales.blog\/?page_id=17\"]}]},{\"@type\":\"BreadcrumbList\",\"@id\":\"https:\/\/vitaminasyminerales.blog\/?page_id=17#breadcrumb\",\"itemListElement\":[{\"@type\":\"ListItem\",\"position\":1,\"name\":\"Portada\",\"item\":\"https:\/\/vitaminasyminerales.blog\/\"},{\"@type\":\"ListItem\",\"position\":2,\"name\":\"Pol\u00edtica de privacidad\"}]},{\"@type\":\"WebSite\",\"@id\":\"https:\/\/vitaminasyminerales.blog\/#website\",\"url\":\"https:\/\/vitaminasyminerales.blog\/\",\"name\":\"Vitaminas y minerales\",\"description\":\"\",\"publisher\":{\"@id\":\"https:\/\/vitaminasyminerales.blog\/#organization\"},\"potentialAction\":[{\"@type\":\"SearchAction\",\"target\":{\"@type\":\"EntryPoint\",\"urlTemplate\":\"https:\/\/vitaminasyminerales.blog\/?s={search_term_string}\"},\"query-input\":\"required name=search_term_string\"}],\"inLanguage\":\"es\"},{\"@type\":\"Organization\",\"@id\":\"https:\/\/vitaminasyminerales.blog\/#organization\",\"name\":\"Vitaminas y minerales\",\"url\":\"https:\/\/vitaminasyminerales.blog\/\",\"logo\":{\"@type\":\"ImageObject\",\"inLanguage\":\"es\",\"@id\":\"https:\/\/vitaminasyminerales.blog\/#\/schema\/logo\/image\/\",\"url\":\"https:\/\/vitaminasyminerales.blog\/wp-content\/uploads\/2023\/05\/Vitaminas-y-Minerales.png\",\"contentUrl\":\"https:\/\/vitaminasyminerales.blog\/wp-content\/uploads\/2023\/05\/Vitaminas-y-Minerales.png\",\"width\":230,\"height\":63,\"caption\":\"Vitaminas  y minerales\"},\"image\":{\"@id\":\"https:\/\/vitaminasyminerales.blog\/#\/schema\/logo\/image\/\"}}]}<\/script>\n<!-- \/ Yoast SEO plugin. -->","yoast_head_json":{"title":"Pol\u00edtica de privacidad - Vitaminas y minerales","robots":{"index":"index","follow":"follow","max-snippet":"max-snippet:-1","max-image-preview":"max-image-preview:large","max-video-preview":"max-video-preview:-1"},"canonical":"https:\/\/vitaminasyminerales.blog\/?page_id=17","og_locale":"es_ES","og_type":"article","og_title":"Pol\u00edtica de privacidad - Vitaminas y minerales","og_description":"INFORMACI\u00d3N GENERAL: Conforme al art\u00edculo 10 de la Ley de Servicios de la Sociedad de la Informaci\u00f3n y del Comercio Electr\u00f3nico (LSSICE) se informa que la web site https:\/\/drasanvi.com pertenece a:&nbsp; Todo el contenido disponible en este sitio web es propiedad de su titular y est\u00e1 protegido por las leyes de propiedad intelectual.&nbsp;\u00bfQui\u00e9n es el &hellip; Pol\u00edtica de privacidad Leer m\u00e1s \u00bb","og_url":"https:\/\/vitaminasyminerales.blog\/?page_id=17","og_site_name":"Vitaminas y minerales","article_modified_time":"2023-05-19T11:30:12+00:00","twitter_card":"summary_large_image","twitter_misc":{"Tiempo de lectura":"6 minutos"},"schema":{"@context":"https:\/\/schema.org","@graph":[{"@type":"WebPage","@id":"https:\/\/vitaminasyminerales.blog\/?page_id=17","url":"https:\/\/vitaminasyminerales.blog\/?page_id=17","name":"Pol\u00edtica de privacidad - Vitaminas y minerales","isPartOf":{"@id":"https:\/\/vitaminasyminerales.blog\/#website"},"datePublished":"2023-05-19T11:30:11+00:00","dateModified":"2023-05-19T11:30:12+00:00","breadcrumb":{"@id":"https:\/\/vitaminasyminerales.blog\/?page_id=17#breadcrumb"},"inLanguage":"es","potentialAction":[{"@type":"ReadAction","target":["https:\/\/vitaminasyminerales.blog\/?page_id=17"]}]},{"@type":"BreadcrumbList","@id":"https:\/\/vitaminasyminerales.blog\/?page_id=17#breadcrumb","itemListElement":[{"@type":"ListItem","position":1,"name":"Portada","item":"https:\/\/vitaminasyminerales.blog\/"},{"@type":"ListItem","position":2,"name":"Pol\u00edtica de privacidad"}]},{"@type":"WebSite","@id":"https:\/\/vitaminasyminerales.blog\/#website","url":"https:\/\/vitaminasyminerales.blog\/","name":"Vitaminas y minerales","description":"","publisher":{"@id":"https:\/\/vitaminasyminerales.blog\/#organization"},"potentialAction":[{"@type":"SearchAction","target":{"@type":"EntryPoint","urlTemplate":"https:\/\/vitaminasyminerales.blog\/?s={search_term_string}"},"query-input":"required name=search_term_string"}],"inLanguage":"es"},{"@type":"Organization","@id":"https:\/\/vitaminasyminerales.blog\/#organization","name":"Vitaminas y minerales","url":"https:\/\/vitaminasyminerales.blog\/","logo":{"@type":"ImageObject","inLanguage":"es","@id":"https:\/\/vitaminasyminerales.blog\/#\/schema\/logo\/image\/","url":"https:\/\/vitaminasyminerales.blog\/wp-content\/uploads\/2023\/05\/Vitaminas-y-Minerales.png","contentUrl":"https:\/\/vitaminasyminerales.blog\/wp-content\/uploads\/2023\/05\/Vitaminas-y-Minerales.png","width":230,"height":63,"caption":"Vitaminas  y minerales"},"image":{"@id":"https:\/\/vitaminasyminerales.blog\/#\/schema\/logo\/image\/"}}]}},"_links":{"self":[{"href":"https:\/\/vitaminasyminerales.blog\/index.php?rest_route=\/wp\/v2\/pages\/17","targetHints":{"allow":["GET"]}}],"collection":[{"href":"https:\/\/vitaminasyminerales.blog\/index.php?rest_route=\/wp\/v2\/pages"}],"about":[{"href":"https:\/\/vitaminasyminerales.blog\/index.php?rest_route=\/wp\/v2\/types\/page"}],"author":[{"embeddable":true,"href":"https:\/\/vitaminasyminerales.blog\/index.php?rest_route=\/wp\/v2\/users\/1"}],"replies":[{"embeddable":true,"href":"https:\/\/vitaminasyminerales.blog\/index.php?rest_route=%2Fwp%2Fv2%2Fcomments&post=17"}],"version-history":[{"count":1,"href":"https:\/\/vitaminasyminerales.blog\/index.php?rest_route=\/wp\/v2\/pages\/17\/revisions"}],"predecessor-version":[{"id":19,"href":"https:\/\/vitaminasyminerales.blog\/index.php?rest_route=\/wp\/v2\/pages\/17\/revisions\/19"}],"wp:attachment":[{"href":"https:\/\/vitaminasyminerales.blog\/index.php?rest_route=%2Fwp%2Fv2%2Fmedia&parent=17"}],"curies":[{"name":"wp","href":"https:\/\/api.w.org\/{rel}","templated":true}]}}