{"id":2,"date":"2023-05-18T07:06:54","date_gmt":"2023-05-18T07:06:54","guid":{"rendered":"https:\/\/vitaminasyminerales.blog\/?page_id=2"},"modified":"2023-05-19T14:46:31","modified_gmt":"2023-05-19T14:46:31","slug":"inicio","status":"publish","type":"page","link":"https:\/\/vitaminasyminerales.blog\/","title":{"rendered":"Vitaminas y Minerales"},"content":{"rendered":"\t\t<div data-elementor-type=\"wp-page\" data-elementor-id=\"2\" class=\"elementor elementor-2\">\n\t\t\t\t\t\t\t\t\t<section class=\"elementor-section elementor-top-section elementor-element elementor-element-478b5ef5 elementor-section-full_width elementor-section-stretched elementor-section-height-default elementor-section-height-default\" data-id=\"478b5ef5\" data-element_type=\"section\" data-settings=\"{&quot;stretch_section&quot;:&quot;section-stretched&quot;,&quot;background_background&quot;:&quot;classic&quot;}\">\n\t\t\t\t\t\t<div class=\"elementor-container elementor-column-gap-default\">\n\t\t\t\t\t<div class=\"elementor-column elementor-col-100 elementor-top-column elementor-element elementor-element-6b8acd79\" data-id=\"6b8acd79\" data-element_type=\"column\">\n\t\t\t<div class=\"elementor-widget-wrap elementor-element-populated\">\n\t\t\t\t\t\t\t\t<div class=\"elementor-element elementor-element-ed73360 elementor-posts--align-left elementor-widget__width-initial elementor-grid-3 elementor-grid-tablet-2 elementor-grid-mobile-1 elementor-posts--thumbnail-top elementor-card-shadow-yes elementor-posts__hover-gradient elementor-widget elementor-widget-posts\" data-id=\"ed73360\" data-element_type=\"widget\" data-settings=\"{&quot;cards_masonry&quot;:&quot;yes&quot;,&quot;cards_columns&quot;:&quot;3&quot;,&quot;cards_columns_tablet&quot;:&quot;2&quot;,&quot;cards_columns_mobile&quot;:&quot;1&quot;,&quot;cards_row_gap&quot;:{&quot;unit&quot;:&quot;px&quot;,&quot;size&quot;:35,&quot;sizes&quot;:[]},&quot;cards_row_gap_tablet&quot;:{&quot;unit&quot;:&quot;px&quot;,&quot;size&quot;:&quot;&quot;,&quot;sizes&quot;:[]},&quot;cards_row_gap_mobile&quot;:{&quot;unit&quot;:&quot;px&quot;,&quot;size&quot;:&quot;&quot;,&quot;sizes&quot;:[]}}\" data-widget_type=\"posts.cards\">\n\t\t\t\t<div class=\"elementor-widget-container\">\n\t\t\t<link rel=\"stylesheet\" href=\"https:\/\/vitaminasyminerales.blog\/wp-content\/plugins\/elementor-pro\/assets\/css\/widget-posts.min.css\">\t\t<div class=\"elementor-posts-container elementor-posts elementor-posts--skin-cards elementor-grid\">\n\t\t\t\t<article class=\"elementor-post elementor-grid-item post-12 post type-post status-publish format-standard has-post-thumbnail hentry category-minerales\">\n\t\t\t<div class=\"elementor-post__card\">\n\t\t\t\t<a class=\"elementor-post__thumbnail__link\" href=\"https:\/\/vitaminasyminerales.blog\/?p=12\" ><div class=\"elementor-post__thumbnail\"><img loading=\"lazy\" decoding=\"async\" width=\"768\" height=\"512\" src=\"https:\/\/vitaminasyminerales.blog\/wp-content\/uploads\/2023\/05\/minerales-768x512.webp\" class=\"attachment-medium_large size-medium_large wp-image-13\" alt=\"minerales\" srcset=\"https:\/\/vitaminasyminerales.blog\/wp-content\/uploads\/2023\/05\/minerales-768x512.webp 768w, https:\/\/vitaminasyminerales.blog\/wp-content\/uploads\/2023\/05\/minerales-300x200.webp 300w, https:\/\/vitaminasyminerales.blog\/wp-content\/uploads\/2023\/05\/minerales-1024x683.webp 1024w, https:\/\/vitaminasyminerales.blog\/wp-content\/uploads\/2023\/05\/minerales.webp 1440w\" sizes=\"auto, (max-width: 768px) 100vw, 768px\" \/><\/div><\/a>\n\t\t\t\t<div class=\"elementor-post__badge\">Minerales<\/div>\n\t\t\t\t<div class=\"elementor-post__text\">\n\t\t\t\t<h3 class=\"elementor-post__title\">\n\t\t\t<a href=\"https:\/\/vitaminasyminerales.blog\/?p=12\" >\n\t\t\t\tLos minerales esenciales para la salud: Gu\u00eda de los minerales y suplementos en cada etapa de la vida\t\t\t<\/a>\n\t\t<\/h3>\n\t\t\t\t<div class=\"elementor-post__excerpt\">\n\t\t\t<p>Los minerales son nutrientes esenciales que desempe\u00f1an un papel vital en el funcionamiento adecuado de nuestro organismo. Son necesarios para el desarrollo y mantenimiento de huesos, m\u00fasculos, sistema nervioso y m\u00e1s. Aunque una alimentaci\u00f3n equilibrada y variada suele proporcionar los minerales necesarios, hay ciertas etapas de la vida en las que puede ser necesario recurrir<\/p>\n\t\t<\/div>\n\t\t\t\t<\/div>\n\t\t\t\t\t<\/div>\n\t\t<\/article>\n\t\t\t\t<article class=\"elementor-post elementor-grid-item post-5 post type-post status-publish format-standard has-post-thumbnail hentry category-alimentacion\">\n\t\t\t<div class=\"elementor-post__card\">\n\t\t\t\t<a class=\"elementor-post__thumbnail__link\" href=\"https:\/\/vitaminasyminerales.blog\/?p=5\" ><div class=\"elementor-post__thumbnail\"><img loading=\"lazy\" decoding=\"async\" width=\"768\" height=\"512\" src=\"https:\/\/vitaminasyminerales.blog\/wp-content\/uploads\/2023\/05\/hierro-768x512.webp\" class=\"attachment-medium_large size-medium_large wp-image-8\" alt=\"\" srcset=\"https:\/\/vitaminasyminerales.blog\/wp-content\/uploads\/2023\/05\/hierro-768x512.webp 768w, https:\/\/vitaminasyminerales.blog\/wp-content\/uploads\/2023\/05\/hierro-300x200.webp 300w, https:\/\/vitaminasyminerales.blog\/wp-content\/uploads\/2023\/05\/hierro-1024x683.webp 1024w, https:\/\/vitaminasyminerales.blog\/wp-content\/uploads\/2023\/05\/hierro.webp 1320w\" sizes=\"auto, (max-width: 768px) 100vw, 768px\" \/><\/div><\/a>\n\t\t\t\t<div class=\"elementor-post__badge\">Alimentaci\u00f3n<\/div>\n\t\t\t\t<div class=\"elementor-post__text\">\n\t\t\t\t<h3 class=\"elementor-post__title\">\n\t\t\t<a href=\"https:\/\/vitaminasyminerales.blog\/?p=5\" >\n\t\t\t\tLos alimentos mas ricos en hierro\t\t\t<\/a>\n\t\t<\/h3>\n\t\t\t\t<div class=\"elementor-post__excerpt\">\n\t\t\t<p>El hierro es un mineral esencial para nuestro organismo, desempe\u00f1ando un papel crucial en el transporte de ox\u00edgeno y la producci\u00f3n de gl\u00f3bulos rojos. Una deficiencia de hierro puede llevar a la anemia y causar s\u00edntomas como fatiga, debilidad y dificultad para concentrarse. Por eso es importante asegurarse de incluir alimentos ricos en hierro en<\/p>\n\t\t<\/div>\n\t\t\t\t<\/div>\n\t\t\t\t\t<\/div>\n\t\t<\/article>\n\t\t\t\t<article class=\"elementor-post elementor-grid-item post-1 post type-post status-publish format-standard has-post-thumbnail hentry category-vitaminas\">\n\t\t\t<div class=\"elementor-post__card\">\n\t\t\t\t<a class=\"elementor-post__thumbnail__link\" href=\"https:\/\/vitaminasyminerales.blog\/?p=1\" ><div class=\"elementor-post__thumbnail\"><img loading=\"lazy\" decoding=\"async\" width=\"768\" height=\"512\" src=\"https:\/\/vitaminasyminerales.blog\/wp-content\/uploads\/2023\/05\/vitaminas-768x512.webp\" class=\"attachment-medium_large size-medium_large wp-image-10\" alt=\"vitaminas\" srcset=\"https:\/\/vitaminasyminerales.blog\/wp-content\/uploads\/2023\/05\/vitaminas-768x512.webp 768w, https:\/\/vitaminasyminerales.blog\/wp-content\/uploads\/2023\/05\/vitaminas-300x200.webp 300w, https:\/\/vitaminasyminerales.blog\/wp-content\/uploads\/2023\/05\/vitaminas-1024x683.webp 1024w, https:\/\/vitaminasyminerales.blog\/wp-content\/uploads\/2023\/05\/vitaminas.webp 1440w\" sizes=\"auto, (max-width: 768px) 100vw, 768px\" \/><\/div><\/a>\n\t\t\t\t<div class=\"elementor-post__badge\">Vitaminas<\/div>\n\t\t\t\t<div class=\"elementor-post__text\">\n\t\t\t\t<h3 class=\"elementor-post__title\">\n\t\t\t<a href=\"https:\/\/vitaminasyminerales.blog\/?p=1\" >\n\t\t\t\tLa importancia de las vitaminas: Gu\u00eda de las vitaminas esenciales seg\u00fan las diferentes etapas de la vida\t\t\t<\/a>\n\t\t<\/h3>\n\t\t\t\t<div class=\"elementor-post__excerpt\">\n\t\t\t<p>Las vitaminas son nutrientes esenciales para el correcto funcionamiento de nuestro organismo. Act\u00faan como cofactores en numerosas reacciones qu\u00edmicas y desempe\u00f1an un papel crucial en el mantenimiento de la salud y el bienestar. Aunque una dieta equilibrada y variada es la mejor manera de obtener las vitaminas necesarias, en algunas etapas de la vida es<\/p>\n\t\t<\/div>\n\t\t\t\t<\/div>\n\t\t\t\t\t<\/div>\n\t\t<\/article>\n\t\t\t\t<\/div>\n\t\t\n\t\t\t\t<\/div>\n\t\t\t\t<\/div>\n\t\t\t\t\t<\/div>\n\t\t<\/div>\n\t\t\t\t\t\t\t<\/div>\n\t\t<\/section>\n\t\t\t\t\t\t\t<\/div>\n\t\t","protected":false},"excerpt":{"rendered":"","protected":false},"author":1,"featured_media":0,"parent":0,"menu_order":0,"comment_status":"closed","ping_status":"closed","template":"","meta":{"site-sidebar-layout":"default","site-content-layout":"default","ast-global-header-display":"","ast-banner-title-visibility":"","ast-main-header-display":"","ast-hfb-above-header-display":"","ast-hfb-below-header-display":"","ast-hfb-mobile-header-display":"","site-post-title":"","ast-breadcrumbs-content":"","ast-featured-img":"","footer-sml-layout":"","theme-transparent-header-meta":"","adv-header-id-meta":"","stick-header-meta":"","header-above-stick-meta":"","header-main-stick-meta":"","header-below-stick-meta":"","footnotes":""},"class_list":["post-2","page","type-page","status-publish","hentry"],"yoast_head":"<!-- This site is optimized with the Yoast SEO plugin v20.7 - https:\/\/yoast.com\/wordpress\/plugins\/seo\/ -->\n<title>Vitaminas y Minerales - Vitaminas y minerales<\/title>\n<meta name=\"robots\" content=\"index, follow, max-snippet:-1, max-image-preview:large, max-video-preview:-1\" \/>\n<link rel=\"canonical\" href=\"https:\/\/vitaminasyminerales.blog\/\" \/>\n<meta property=\"og:locale\" content=\"es_ES\" \/>\n<meta property=\"og:type\" content=\"article\" \/>\n<meta property=\"og:title\" content=\"Vitaminas y Minerales - Vitaminas y minerales\" \/>\n<meta property=\"og:url\" content=\"https:\/\/vitaminasyminerales.blog\/\" \/>\n<meta property=\"og:site_name\" content=\"Vitaminas y minerales\" \/>\n<meta property=\"article:modified_time\" content=\"2023-05-19T14:46:31+00:00\" \/>\n<meta name=\"twitter:card\" content=\"summary_large_image\" \/>\n<script type=\"application\/ld+json\" class=\"yoast-schema-graph\">{\"@context\":\"https:\/\/schema.org\",\"@graph\":[{\"@type\":\"WebPage\",\"@id\":\"https:\/\/vitaminasyminerales.blog\/\",\"url\":\"https:\/\/vitaminasyminerales.blog\/\",\"name\":\"Vitaminas y Minerales - Vitaminas y minerales\",\"isPartOf\":{\"@id\":\"https:\/\/vitaminasyminerales.blog\/#website\"},\"datePublished\":\"2023-05-18T07:06:54+00:00\",\"dateModified\":\"2023-05-19T14:46:31+00:00\",\"breadcrumb\":{\"@id\":\"https:\/\/vitaminasyminerales.blog\/#breadcrumb\"},\"inLanguage\":\"es\",\"potentialAction\":[{\"@type\":\"ReadAction\",\"target\":[\"https:\/\/vitaminasyminerales.blog\/\"]}]},{\"@type\":\"BreadcrumbList\",\"@id\":\"https:\/\/vitaminasyminerales.blog\/#breadcrumb\",\"itemListElement\":[{\"@type\":\"ListItem\",\"position\":1,\"name\":\"Portada\",\"item\":\"https:\/\/vitaminasyminerales.blog\/\"},{\"@type\":\"ListItem\",\"position\":2,\"name\":\"Vitaminas y Minerales\"}]},{\"@type\":\"WebSite\",\"@id\":\"https:\/\/vitaminasyminerales.blog\/#website\",\"url\":\"https:\/\/vitaminasyminerales.blog\/\",\"name\":\"Vitaminas y minerales\",\"description\":\"\",\"publisher\":{\"@id\":\"https:\/\/vitaminasyminerales.blog\/#organization\"},\"potentialAction\":[{\"@type\":\"SearchAction\",\"target\":{\"@type\":\"EntryPoint\",\"urlTemplate\":\"https:\/\/vitaminasyminerales.blog\/?s={search_term_string}\"},\"query-input\":\"required name=search_term_string\"}],\"inLanguage\":\"es\"},{\"@type\":\"Organization\",\"@id\":\"https:\/\/vitaminasyminerales.blog\/#organization\",\"name\":\"Vitaminas y minerales\",\"url\":\"https:\/\/vitaminasyminerales.blog\/\",\"logo\":{\"@type\":\"ImageObject\",\"inLanguage\":\"es\",\"@id\":\"https:\/\/vitaminasyminerales.blog\/#\/schema\/logo\/image\/\",\"url\":\"https:\/\/vitaminasyminerales.blog\/wp-content\/uploads\/2023\/05\/Vitaminas-y-Minerales.png\",\"contentUrl\":\"https:\/\/vitaminasyminerales.blog\/wp-content\/uploads\/2023\/05\/Vitaminas-y-Minerales.png\",\"width\":230,\"height\":63,\"caption\":\"Vitaminas  y minerales\"},\"image\":{\"@id\":\"https:\/\/vitaminasyminerales.blog\/#\/schema\/logo\/image\/\"}}]}<\/script>\n<!-- \/ Yoast SEO plugin. -->","yoast_head_json":{"title":"Vitaminas y Minerales - Vitaminas y minerales","robots":{"index":"index","follow":"follow","max-snippet":"max-snippet:-1","max-image-preview":"max-image-preview:large","max-video-preview":"max-video-preview:-1"},"canonical":"https:\/\/vitaminasyminerales.blog\/","og_locale":"es_ES","og_type":"article","og_title":"Vitaminas y Minerales - Vitaminas y minerales","og_url":"https:\/\/vitaminasyminerales.blog\/","og_site_name":"Vitaminas y minerales","article_modified_time":"2023-05-19T14:46:31+00:00","twitter_card":"summary_large_image","schema":{"@context":"https:\/\/schema.org","@graph":[{"@type":"WebPage","@id":"https:\/\/vitaminasyminerales.blog\/","url":"https:\/\/vitaminasyminerales.blog\/","name":"Vitaminas y Minerales - Vitaminas y minerales","isPartOf":{"@id":"https:\/\/vitaminasyminerales.blog\/#website"},"datePublished":"2023-05-18T07:06:54+00:00","dateModified":"2023-05-19T14:46:31+00:00","breadcrumb":{"@id":"https:\/\/vitaminasyminerales.blog\/#breadcrumb"},"inLanguage":"es","potentialAction":[{"@type":"ReadAction","target":["https:\/\/vitaminasyminerales.blog\/"]}]},{"@type":"BreadcrumbList","@id":"https:\/\/vitaminasyminerales.blog\/#breadcrumb","itemListElement":[{"@type":"ListItem","position":1,"name":"Portada","item":"https:\/\/vitaminasyminerales.blog\/"},{"@type":"ListItem","position":2,"name":"Vitaminas y Minerales"}]},{"@type":"WebSite","@id":"https:\/\/vitaminasyminerales.blog\/#website","url":"https:\/\/vitaminasyminerales.blog\/","name":"Vitaminas y minerales","description":"","publisher":{"@id":"https:\/\/vitaminasyminerales.blog\/#organization"},"potentialAction":[{"@type":"SearchAction","target":{"@type":"EntryPoint","urlTemplate":"https:\/\/vitaminasyminerales.blog\/?s={search_term_string}"},"query-input":"required name=search_term_string"}],"inLanguage":"es"},{"@type":"Organization","@id":"https:\/\/vitaminasyminerales.blog\/#organization","name":"Vitaminas y minerales","url":"https:\/\/vitaminasyminerales.blog\/","logo":{"@type":"ImageObject","inLanguage":"es","@id":"https:\/\/vitaminasyminerales.blog\/#\/schema\/logo\/image\/","url":"https:\/\/vitaminasyminerales.blog\/wp-content\/uploads\/2023\/05\/Vitaminas-y-Minerales.png","contentUrl":"https:\/\/vitaminasyminerales.blog\/wp-content\/uploads\/2023\/05\/Vitaminas-y-Minerales.png","width":230,"height":63,"caption":"Vitaminas  y minerales"},"image":{"@id":"https:\/\/vitaminasyminerales.blog\/#\/schema\/logo\/image\/"}}]}},"_links":{"self":[{"href":"https:\/\/vitaminasyminerales.blog\/index.php?rest_route=\/wp\/v2\/pages\/2","targetHints":{"allow":["GET"]}}],"collection":[{"href":"https:\/\/vitaminasyminerales.blog\/index.php?rest_route=\/wp\/v2\/pages"}],"about":[{"href":"https:\/\/vitaminasyminerales.blog\/index.php?rest_route=\/wp\/v2\/types\/page"}],"author":[{"embeddable":true,"href":"https:\/\/vitaminasyminerales.blog\/index.php?rest_route=\/wp\/v2\/users\/1"}],"replies":[{"embeddable":true,"href":"https:\/\/vitaminasyminerales.blog\/index.php?rest_route=%2Fwp%2Fv2%2Fcomments&post=2"}],"version-history":[{"count":18,"href":"https:\/\/vitaminasyminerales.blog\/index.php?rest_route=\/wp\/v2\/pages\/2\/revisions"}],"predecessor-version":[{"id":68,"href":"https:\/\/vitaminasyminerales.blog\/index.php?rest_route=\/wp\/v2\/pages\/2\/revisions\/68"}],"wp:attachment":[{"href":"https:\/\/vitaminasyminerales.blog\/index.php?rest_route=%2Fwp%2Fv2%2Fmedia&parent=2"}],"curies":[{"name":"wp","href":"https:\/\/api.w.org\/{rel}","templated":true}]}}